{"id":54,"date":"2018-05-21T08:04:12","date_gmt":"2018-05-21T08:04:12","guid":{"rendered":"http:\/\/schlaak-beratungen.de\/?page_id=54"},"modified":"2024-12-10T14:29:21","modified_gmt":"2024-12-10T14:29:21","slug":"kontaktaufnahme","status":"publish","type":"page","link":"https:\/\/schlaak-beratungen.de\/?page_id=54","title":{"rendered":"Kontaktaufnahme"},"content":{"rendered":"<div id=\"pl-54\"  class=\"panel-layout\" ><div id=\"pg-54-0\"  class=\"panel-grid panel-has-style\" ><div style=\"padding: 0px 0; \" data-overlay=\"true\" data-overlay-color=\"#000000\" class=\"panel-row-style panel-row-style-for-54-0\" ><div id=\"pgc-54-0-0\"  class=\"panel-grid-cell\" ><div id=\"panel-54-0-0-0\" class=\"so-panel widget widget_sow-image panel-first-child panel-last-child\" data-index=\"0\" ><div style=\"text-align: left;\" data-title-color=\"#443f3f\" data-headings-color=\"#443f3f\" class=\"panel-widget-style panel-widget-style-for-54-0-0-0\" ><div\n\t\t\t\n\t\t\tclass=\"so-widget-sow-image so-widget-sow-image-default-8b5b6f678277-54\"\n\t\t\t\n\t\t>\n<div class=\"sow-image-container\">\n\t\t<img \n\tsrc=\"https:\/\/schlaak-beratungen.de\/wp-content\/uploads\/2021\/10\/FB218986-Kopie-683x1024.jpg\" width=\"683\" height=\"1024\" srcset=\"https:\/\/schlaak-beratungen.de\/wp-content\/uploads\/2021\/10\/FB218986-Kopie-683x1024.jpg 683w, https:\/\/schlaak-beratungen.de\/wp-content\/uploads\/2021\/10\/FB218986-Kopie-200x300.jpg 200w, https:\/\/schlaak-beratungen.de\/wp-content\/uploads\/2021\/10\/FB218986-Kopie-768x1152.jpg 768w, https:\/\/schlaak-beratungen.de\/wp-content\/uploads\/2021\/10\/FB218986-Kopie-1024x1536.jpg 1024w, https:\/\/schlaak-beratungen.de\/wp-content\/uploads\/2021\/10\/FB218986-Kopie-920x1380.jpg 920w, https:\/\/schlaak-beratungen.de\/wp-content\/uploads\/2021\/10\/FB218986-Kopie-230x345.jpg 230w, https:\/\/schlaak-beratungen.de\/wp-content\/uploads\/2021\/10\/FB218986-Kopie-350x525.jpg 350w, https:\/\/schlaak-beratungen.de\/wp-content\/uploads\/2021\/10\/FB218986-Kopie-480x720.jpg 480w, https:\/\/schlaak-beratungen.de\/wp-content\/uploads\/2021\/10\/FB218986-Kopie.jpg 1282w\" sizes=\"(max-width: 683px) 100vw, 683px\" title=\"FB218986 &#8211; Kopie\" alt=\"\" \t\tclass=\"so-widget-image\"\/>\n\t<\/div>\n\n<\/div><\/div><\/div><\/div><div id=\"pgc-54-0-1\"  class=\"panel-grid-cell\" ><div id=\"panel-54-0-1-0\" class=\"so-panel widget widget_sow-editor panel-first-child\" data-index=\"1\" ><div style=\"text-align: left;\" data-title-color=\"#443f3f\" data-headings-color=\"#443f3f\" class=\"panel-widget-style panel-widget-style-for-54-0-1-0\" ><div\n\t\t\t\n\t\t\tclass=\"so-widget-sow-editor so-widget-sow-editor-base\"\n\t\t\t\n\t\t>\n<div class=\"siteorigin-widget-tinymce textwidget\">\n\t<p>Gerne spreche ich mit Ihnen \u00fcber individuelle L\u00f6sungsm\u00f6glichkeiten<br \/>\nund dar\u00fcber, wie wir Sie unterst\u00fctzen k\u00f6nnen.<br \/>\nIch freue mich auf Ihre Kontaktaufnahme<\/p>\n<p>Beste Gr\u00fc\u00dfe<\/p>\n<p>Thorsten Schlaak<\/p>\n<\/div>\n<\/div><\/div><\/div><div id=\"panel-54-0-1-1\" class=\"so-panel widget widget_text panel-last-child\" data-index=\"2\" ><div style=\"text-align: left;\" data-title-color=\"#443f3f\" data-headings-color=\"#443f3f\" class=\"panel-widget-style panel-widget-style-for-54-0-1-1\" >\t\t\t<div class=\"textwidget\"><p>Email: <a href=\"mailto:ts@conprimus.de\">primus@conprimus.de<\/a><\/p>\n<p>Telefon: +49 151 11 70 41 57<\/p>\n<\/div>\n\t\t<\/div><\/div><\/div><\/div><\/div><\/div>","protected":false},"excerpt":{"rendered":"<p>Gerne spreche ich mit Ihnen \u00fcber individuelle L\u00f6sungsm\u00f6glichkeiten und dar\u00fcber, wie wir Sie unterst\u00fctzen k\u00f6nnen. Ich freue mich auf Ihre Kontaktaufnahme Beste [&hellip;]<\/p>\n","protected":false},"author":1,"featured_media":0,"parent":0,"menu_order":0,"comment_status":"closed","ping_status":"closed","template":"page-templates\/page_fullwidth.php","meta":{"footnotes":""},"class_list":["post-54","page","type-page","status-publish","hentry"],"_links":{"self":[{"href":"https:\/\/schlaak-beratungen.de\/index.php?rest_route=\/wp\/v2\/pages\/54","targetHints":{"allow":["GET"]}}],"collection":[{"href":"https:\/\/schlaak-beratungen.de\/index.php?rest_route=\/wp\/v2\/pages"}],"about":[{"href":"https:\/\/schlaak-beratungen.de\/index.php?rest_route=\/wp\/v2\/types\/page"}],"author":[{"embeddable":true,"href":"https:\/\/schlaak-beratungen.de\/index.php?rest_route=\/wp\/v2\/users\/1"}],"replies":[{"embeddable":true,"href":"https:\/\/schlaak-beratungen.de\/index.php?rest_route=%2Fwp%2Fv2%2Fcomments&post=54"}],"version-history":[{"count":23,"href":"https:\/\/schlaak-beratungen.de\/index.php?rest_route=\/wp\/v2\/pages\/54\/revisions"}],"predecessor-version":[{"id":1124,"href":"https:\/\/schlaak-beratungen.de\/index.php?rest_route=\/wp\/v2\/pages\/54\/revisions\/1124"}],"wp:attachment":[{"href":"https:\/\/schlaak-beratungen.de\/index.php?rest_route=%2Fwp%2Fv2%2Fmedia&parent=54"}],"curies":[{"name":"wp","href":"https:\/\/api.w.org\/{rel}","templated":true}]}}